{"id":3,"date":"2023-05-18T06:13:47","date_gmt":"2023-05-18T06:13:47","guid":{"rendered":"https:\/\/onebooking.pt\/?page_id=3"},"modified":"2025-04-02T09:17:53","modified_gmt":"2025-04-02T09:17:53","slug":"privacy-policy","status":"publish","type":"page","link":"https:\/\/onebooking.pt\/es\/privacy-policy\/","title":{"rendered":"Pol\u00edtica De Privacidad"},"content":{"rendered":"<div data-elementor-type=\"wp-page\" data-elementor-id=\"3\" class=\"elementor elementor-3\" data-elementor-post-type=\"page\">\n\t\t\t\t\t\t<section class=\"elementor-section elementor-top-section elementor-element elementor-element-112c9129 elementor-section-height-min-height elementor-section-full_width elementor-section-height-default elementor-section-items-middle\" data-id=\"112c9129\" data-element_type=\"section\" data-e-type=\"section\" data-settings=\"{&quot;jet_parallax_layout_list&quot;:[],&quot;background_background&quot;:&quot;classic&quot;}\">\n\t\t\t\t\t\t\t<div class=\"elementor-background-overlay\"><\/div>\n\t\t\t\t\t\t\t<div class=\"elementor-container elementor-column-gap-default\">\n\t\t\t\t\t<div class=\"elementor-column elementor-col-100 elementor-top-column elementor-element elementor-element-6e773af4\" data-id=\"6e773af4\" data-element_type=\"column\" data-e-type=\"column\">\n\t\t\t<div class=\"elementor-widget-wrap elementor-element-populated\">\n\t\t\t\t\t\t<div class=\"elementor-element elementor-element-2f9b7e1c elementor-widget elementor-widget-heading\" data-id=\"2f9b7e1c\" data-element_type=\"widget\" data-e-type=\"widget\" data-widget_type=\"heading.default\">\n\t\t\t\t<div class=\"elementor-widget-container\">\n\t\t\t\t\t<h2 class=\"elementor-heading-title elementor-size-default\">Pol\u00edtica De Privacidad<\/h2>\t\t\t\t<\/div>\n\t\t\t\t<\/div>\n\t\t\t\t\t<\/div>\n\t\t<\/div>\n\t\t\t\t\t<\/div>\n\t\t<\/section>\n\t\t\t\t<section class=\"elementor-section elementor-top-section elementor-element elementor-element-2f742c66 elementor-section-boxed elementor-section-height-default elementor-section-height-default\" data-id=\"2f742c66\" data-element_type=\"section\" data-e-type=\"section\" data-settings=\"{&quot;jet_parallax_layout_list&quot;:[]}\">\n\t\t\t\t\t\t<div class=\"elementor-container elementor-column-gap-default\">\n\t\t\t\t\t<div class=\"elementor-column elementor-col-100 elementor-top-column elementor-element elementor-element-6a33e0a0\" data-id=\"6a33e0a0\" data-element_type=\"column\" data-e-type=\"column\">\n\t\t\t<div class=\"elementor-widget-wrap elementor-element-populated\">\n\t\t\t\t\t\t<div class=\"elementor-element elementor-element-1e5f08fd elementor-widget elementor-widget-text-editor\" data-id=\"1e5f08fd\" data-element_type=\"widget\" data-e-type=\"widget\" data-widget_type=\"text-editor.default\">\n\t\t\t\t<div class=\"elementor-widget-container\">\n\t\t\t\t\t\t\t\t\t<p><b>1. Quienes Somos<\/b><br \/>One Booking, con direcci\u00f3n web: https:\/\/onebooking.pt, gestionada por One to Four, Lda., respeta la privacidad de sus usuarios y se compromete a proteger la informaci\u00f3n personal que proporcionan. Al utilizar nuestros servicios, el hu\u00e9sped acepta los t\u00e9rminos de esta Pol\u00edtica de Privacidad.<br \/><br \/><b>2. Informaci\u00f3n<\/b><br \/>Recopilamos Cuando usted utiliza nuestro sitio web, podemos recopilar informaci\u00f3n personal como su nombre, correo electr\u00f3nico y detalles de pago para el proceso de reservas. Tambi\u00e9n podemos recopilar datos de navegaci\u00f3n, tales como direcci\u00f3n IP, tipo de navegador y p\u00e1ginas visitadas, para mejorar la experiencia del usuario.<br \/><br \/><b>3. C\u00f3mo Usamos Su Informaci\u00f3n<\/b><br \/>La informaci\u00f3n recopilada se utiliza para el proceso de reservas, proporcionar apoyo, personalizar su experiencia y comunicarse con usted acerca de las actualizaciones y ofertas. No compartimos sus datos con terceros, excepto cuando sea requerido por la ley.<br \/><br \/><b>4. El intercambio de Informaci\u00f3n<\/b><br \/>No compartimos su informaci\u00f3n personal con terceros, excepto cuando sea necesario para: Procesar los pagos a trav\u00e9s de plataformas de pago seguras Cumplir con obligaciones legales o responder a solicitudes gubernamentales<br \/><br \/><b>5. Las Cookies<\/b><br \/>Utilizamos cookies para almacenar las preferencias del usuario y mejorar la funcionalidad del sitio. Las cookies de terceros puede ser utilizado para el an\u00e1lisis de datos.<br \/><br \/><b>6. La Seguridad De La Informaci\u00f3n<\/b><br \/>Tomamos medidas para proteger su informaci\u00f3n personal del acceso no autorizado.<br \/><br \/><b>7. Sus Derechos<\/b><br \/>Usted tiene el derecho a acceder, corregir o eliminar su informaci\u00f3n personal en cualquier momento. El ejercicio de estos derechos o para cualquier preguntas relacionadas con la privacidad, p\u00f3ngase en contacto con nosotros en: pedro@onebooking.pt<br \/><br \/><b>8. Cambios a Esta Pol\u00edtica<\/b><br \/>Nos reservamos el derecho de actualizar esta Pol\u00edtica de Privacidad peri\u00f3dicamente. Cualquier cambio ser\u00e1 publicado en nuestro sitio web.<\/p>\t\t\t\t\t\t\t\t<\/div>\n\t\t\t\t<\/div>\n\t\t\t\t\t<\/div>\n\t\t<\/div>\n\t\t\t\t\t<\/div>\n\t\t<\/section>\n\t\t\t\t<\/div>","protected":false},"excerpt":{"rendered":"<p>1. Who We AreOne Booking, with the website address: https:\/\/onebooking.pt, managed by One to Four, Lda, respects the privacy of its users and is committed to protecting the personal information you provide. By using our services, the guest agrees to the terms of this Privacy Policy. 2. InformationWe Collect When you use our website, we [&hellip;]<\/p>\n","protected":false},"author":2,"featured_media":0,"parent":0,"menu_order":0,"comment_status":"closed","ping_status":"open","template":"","meta":{"_acf_changed":false,"footnotes":""},"class_list":["post-3","page","type-page","status-publish","hentry"],"acf":[],"_links":{"self":[{"href":"https:\/\/onebooking.pt\/es\/wp-json\/wp\/v2\/pages\/3","targetHints":{"allow":["GET"]}}],"collection":[{"href":"https:\/\/onebooking.pt\/es\/wp-json\/wp\/v2\/pages"}],"about":[{"href":"https:\/\/onebooking.pt\/es\/wp-json\/wp\/v2\/types\/page"}],"author":[{"embeddable":true,"href":"https:\/\/onebooking.pt\/es\/wp-json\/wp\/v2\/users\/2"}],"replies":[{"embeddable":true,"href":"https:\/\/onebooking.pt\/es\/wp-json\/wp\/v2\/comments?post=3"}],"version-history":[{"count":12,"href":"https:\/\/onebooking.pt\/es\/wp-json\/wp\/v2\/pages\/3\/revisions"}],"predecessor-version":[{"id":198332,"href":"https:\/\/onebooking.pt\/es\/wp-json\/wp\/v2\/pages\/3\/revisions\/198332"}],"wp:attachment":[{"href":"https:\/\/onebooking.pt\/es\/wp-json\/wp\/v2\/media?parent=3"}],"curies":[{"name":"wp","href":"https:\/\/api.w.org\/{rel}","templated":true}]}}