{"id":191481,"date":"2023-05-09T06:51:41","date_gmt":"2023-05-09T06:51:41","guid":{"rendered":"https:\/\/onebooking.pt\/?page_id=191481"},"modified":"2025-05-16T22:34:59","modified_gmt":"2025-05-16T22:34:59","slug":"home-3","status":"publish","type":"page","link":"https:\/\/onebooking.pt\/fr\/home-3\/","title":{"rendered":"\u00c0 Propos De Nous"},"content":{"rendered":"<div data-elementor-type=\"wp-page\" data-elementor-id=\"191481\" class=\"elementor elementor-191481\" data-elementor-post-type=\"page\">\n\t\t\t\t\t\t<section class=\"elementor-section elementor-top-section elementor-element elementor-element-55ef5fe elementor-section-height-min-height elementor-section-full_width elementor-section-height-default elementor-section-items-middle\" data-id=\"55ef5fe\" data-element_type=\"section\" data-e-type=\"section\" data-settings=\"{&quot;jet_parallax_layout_list&quot;:[],&quot;background_background&quot;:&quot;classic&quot;}\">\n\t\t\t\t\t\t\t<div class=\"elementor-background-overlay\"><\/div>\n\t\t\t\t\t\t\t<div class=\"elementor-container elementor-column-gap-default\">\n\t\t\t\t\t<div class=\"elementor-column elementor-col-100 elementor-top-column elementor-element elementor-element-d3bfc32\" data-id=\"d3bfc32\" data-element_type=\"column\" data-e-type=\"column\">\n\t\t\t<div class=\"elementor-widget-wrap elementor-element-populated\">\n\t\t\t\t\t\t<section class=\"elementor-section elementor-inner-section elementor-element elementor-element-ae9a685 elementor-section-boxed elementor-section-height-default elementor-section-height-default\" data-id=\"ae9a685\" data-element_type=\"section\" data-e-type=\"section\" data-settings=\"{&quot;jet_parallax_layout_list&quot;:[]}\">\n\t\t\t\t\t\t<div class=\"elementor-container elementor-column-gap-default\">\n\t\t\t\t\t<div class=\"elementor-column elementor-col-100 elementor-inner-column elementor-element elementor-element-7a72fe0\" data-id=\"7a72fe0\" data-element_type=\"column\" data-e-type=\"column\">\n\t\t\t<div class=\"elementor-widget-wrap elementor-element-populated\">\n\t\t\t\t\t\t<div class=\"elementor-element elementor-element-b154b2c elementor-widget elementor-widget-heading\" data-id=\"b154b2c\" data-element_type=\"widget\" data-e-type=\"widget\" data-widget_type=\"heading.default\">\n\t\t\t\t<div class=\"elementor-widget-container\">\n\t\t\t\t\t<h1 class=\"elementor-heading-title elementor-size-default\">S\u00c9JOURS PLEINS D&#039;\u00c2ME<\/h1>\t\t\t\t<\/div>\n\t\t\t\t<\/div>\n\t\t\t\t\t<\/div>\n\t\t<\/div>\n\t\t\t\t\t<\/div>\n\t\t<\/section>\n\t\t\t\t\t<\/div>\n\t\t<\/div>\n\t\t\t\t\t<\/div>\n\t\t<\/section>\n\t\t\t\t<section class=\"elementor-section elementor-top-section elementor-element elementor-element-74947fa elementor-section-boxed elementor-section-height-default elementor-section-height-default\" data-id=\"74947fa\" data-element_type=\"section\" data-e-type=\"section\" data-settings=\"{&quot;jet_parallax_layout_list&quot;:[]}\">\n\t\t\t\t\t\t<div class=\"elementor-container elementor-column-gap-default\">\n\t\t\t\t\t<div class=\"elementor-column elementor-col-50 elementor-top-column elementor-element elementor-element-71662bb\" data-id=\"71662bb\" data-element_type=\"column\" data-e-type=\"column\">\n\t\t\t<div class=\"elementor-widget-wrap elementor-element-populated\">\n\t\t\t\t\t\t<div class=\"elementor-element elementor-element-7c0b1f3 elementor-invisible elementor-widget elementor-widget-image\" data-id=\"7c0b1f3\" data-element_type=\"widget\" data-e-type=\"widget\" data-settings=\"{&quot;_animation&quot;:&quot;fadeInUp&quot;,&quot;_animation_tablet&quot;:&quot;none&quot;}\" data-widget_type=\"image.default\">\n\t\t\t\t<div class=\"elementor-widget-container\">\n\t\t\t\t\t\t\t\t\t\t\t\t\t\t\t<img fetchpriority=\"high\" decoding=\"async\" width=\"768\" height=\"512\" src=\"https:\/\/onebooking.pt\/wp-content\/smush-webp\/2025\/05\/shutterstock_2289692275-768x512.jpg.webp\" class=\"attachment-medium_large size-medium_large wp-image-198768\" alt=\"Woman,Tourist,Enjoying,Panoramic,View,Of,Beautiful,Algarve,Heart,Shaped\" srcset=\"https:\/\/onebooking.pt\/wp-content\/smush-webp\/2025\/05\/shutterstock_2289692275-768x512.jpg.webp 768w, https:\/\/onebooking.pt\/wp-content\/smush-webp\/2025\/05\/shutterstock_2289692275-300x200.jpg.webp 300w, https:\/\/onebooking.pt\/wp-content\/smush-webp\/2025\/05\/shutterstock_2289692275-1024x683.jpg.webp 1024w, https:\/\/onebooking.pt\/wp-content\/smush-webp\/2025\/05\/shutterstock_2289692275-1536x1024.jpg.webp 1536w, https:\/\/onebooking.pt\/wp-content\/smush-webp\/2025\/05\/shutterstock_2289692275-2048x1366.jpg.webp 2048w, https:\/\/onebooking.pt\/wp-content\/smush-webp\/2025\/05\/shutterstock_2289692275-18x12.jpg.webp 18w, https:\/\/onebooking.pt\/wp-content\/smush-webp\/2025\/05\/shutterstock_2289692275-450x300.jpg.webp 450w, https:\/\/onebooking.pt\/wp-content\/smush-webp\/2025\/05\/shutterstock_2289692275-1140x760.jpg.webp 1140w, https:\/\/onebooking.pt\/wp-content\/smush-webp\/2025\/05\/shutterstock_2289692275-120x80.jpg.webp 120w, https:\/\/onebooking.pt\/wp-content\/smush-webp\/2025\/05\/shutterstock_2289692275-750x500.jpg.webp 750w, https:\/\/onebooking.pt\/wp-content\/smush-webp\/2025\/05\/shutterstock_2289692275-scaled.jpg.webp 1800w\" sizes=\"(max-width: 768px) 100vw, 768px\" \/>\t\t\t\t\t\t\t\t\t\t\t\t\t\t\t<\/div>\n\t\t\t\t<\/div>\n\t\t\t\t\t<\/div>\n\t\t<\/div>\n\t\t\t\t<div class=\"elementor-column elementor-col-50 elementor-top-column elementor-element elementor-element-e4e10a5\" data-id=\"e4e10a5\" data-element_type=\"column\" data-e-type=\"column\">\n\t\t\t<div class=\"elementor-widget-wrap elementor-element-populated\">\n\t\t\t\t\t\t<div class=\"elementor-element elementor-element-fbd4dfa elementor-widget elementor-widget-heading\" data-id=\"fbd4dfa\" data-element_type=\"widget\" data-e-type=\"widget\" data-widget_type=\"heading.default\">\n\t\t\t\t<div class=\"elementor-widget-container\">\n\t\t\t\t\t<h2 class=\"elementor-heading-title elementor-size-default\">D\u00c9BRANCHER<\/h2>\t\t\t\t<\/div>\n\t\t\t\t<\/div>\n\t\t\t\t<div class=\"elementor-element elementor-element-2f9b955 elementor-widget__width-initial elementor-widget elementor-widget-text-editor\" data-id=\"2f9b955\" data-element_type=\"widget\" data-e-type=\"widget\" data-widget_type=\"text-editor.default\">\n\t\t\t\t<div class=\"elementor-widget-container\">\n\t\t\t\t\t\t\t\t\t<p data-start=\"0\" data-end=\"294\"><span style=\"font-size: 24px;\">La pause que vous m\u00e9ritez<\/span><br \/>Nous croyons en la valeur d\u2019une v\u00e9ritable pause \u2013 pour se reposer, d\u00e9couvrir de nouveaux endroits et renouer avec ce qui compte vraiment.<br \/>Nos espaces sont accueillants, bien \u00e9quip\u00e9s et strat\u00e9giquement situ\u00e9s \u2014 id\u00e9aux pour explorer chaque destination \u00e0 votre rythme.<br \/>Avec une approche ax\u00e9e sur l\u2019hospitalit\u00e9, nous pla\u00e7ons toujours nos clients au centre de tout ce que nous faisons.<\/p>\t\t\t\t\t\t\t\t<\/div>\n\t\t\t\t<\/div>\n\t\t\t\t\t<\/div>\n\t\t<\/div>\n\t\t\t\t\t<\/div>\n\t\t<\/section>\n\t\t\t\t<section class=\"elementor-section elementor-top-section elementor-element elementor-element-639ef38 elementor-reverse-tablet elementor-reverse-mobile elementor-section-boxed elementor-section-height-default elementor-section-height-default\" data-id=\"639ef38\" data-element_type=\"section\" data-e-type=\"section\" data-settings=\"{&quot;jet_parallax_layout_list&quot;:[]}\">\n\t\t\t\t\t\t<div class=\"elementor-container elementor-column-gap-default\">\n\t\t\t\t\t<div class=\"elementor-column elementor-col-50 elementor-top-column elementor-element elementor-element-1f9df92\" data-id=\"1f9df92\" data-element_type=\"column\" data-e-type=\"column\">\n\t\t\t<div class=\"elementor-widget-wrap elementor-element-populated\">\n\t\t\t\t\t\t<div class=\"elementor-element elementor-element-ad4789a elementor-widget elementor-widget-heading\" data-id=\"ad4789a\" data-element_type=\"widget\" data-e-type=\"widget\" data-widget_type=\"heading.default\">\n\t\t\t\t<div class=\"elementor-widget-container\">\n\t\t\t\t\t<h2 class=\"elementor-heading-title elementor-size-default\">SE D\u00c9TENDRE<\/h2>\t\t\t\t<\/div>\n\t\t\t\t<\/div>\n\t\t\t\t<div class=\"elementor-element elementor-element-509b85c elementor-widget elementor-widget-text-editor\" data-id=\"509b85c\" data-element_type=\"widget\" data-e-type=\"widget\" data-widget_type=\"text-editor.default\">\n\t\t\t\t<div class=\"elementor-widget-container\">\n\t\t\t\t\t\t\t\t\t<p><span style=\"font-size: 24px;\">Des exp\u00e9riences significatives<br \/><\/span>Plus qu&#039;un simple s\u00e9jour \u2014 de la r\u00e9servation au d\u00e9part.<br \/>Notre connaissance locale et notre engagement envers un service personnalis\u00e9 garantissent des moments authentiques et paisibles, vous permettant de plonger dans la culture, d&#039;explorer les environs et de d\u00e9couvrir chaque lieu de mani\u00e8re authentique.<br \/>Faites de votre prochain voyage une exp\u00e9rience One Booking vraiment m\u00e9morable.<\/p>\t\t\t\t\t\t\t\t<\/div>\n\t\t\t\t<\/div>\n\t\t\t\t\t<\/div>\n\t\t<\/div>\n\t\t\t\t<div class=\"elementor-column elementor-col-50 elementor-top-column elementor-element elementor-element-ed711c7\" data-id=\"ed711c7\" data-element_type=\"column\" data-e-type=\"column\">\n\t\t\t<div class=\"elementor-widget-wrap elementor-element-populated\">\n\t\t\t\t\t\t<div class=\"elementor-element elementor-element-6265fbd elementor-invisible elementor-widget elementor-widget-image\" data-id=\"6265fbd\" data-element_type=\"widget\" data-e-type=\"widget\" data-settings=\"{&quot;_animation&quot;:&quot;fadeInUp&quot;,&quot;_animation_tablet&quot;:&quot;none&quot;}\" data-widget_type=\"image.default\">\n\t\t\t\t<div class=\"elementor-widget-container\">\n\t\t\t\t\t\t\t\t\t\t\t\t\t\t\t<img decoding=\"async\" width=\"768\" height=\"1152\" src=\"https:\/\/onebooking.pt\/wp-content\/smush-webp\/2025\/05\/shutterstock_1995992660-3-768x1152.jpg.webp\" class=\"attachment-medium_large size-medium_large wp-image-198804\" alt=\"Historic,Walled,Town,Of,Obidos,,Near,Lisbon,,Portugal.,Beautiful,Streets\" srcset=\"https:\/\/onebooking.pt\/wp-content\/smush-webp\/2025\/05\/shutterstock_1995992660-3-768x1152.jpg.webp 768w, https:\/\/onebooking.pt\/wp-content\/smush-webp\/2025\/05\/shutterstock_1995992660-3-200x300.jpg.webp 200w, https:\/\/onebooking.pt\/wp-content\/smush-webp\/2025\/05\/shutterstock_1995992660-3-683x1024.jpg.webp 683w, https:\/\/onebooking.pt\/wp-content\/smush-webp\/2025\/05\/shutterstock_1995992660-3-1024x1536.jpg.webp 1024w, https:\/\/onebooking.pt\/wp-content\/smush-webp\/2025\/05\/shutterstock_1995992660-3-1365x2048.jpg.webp 1365w, https:\/\/onebooking.pt\/wp-content\/smush-webp\/2025\/05\/shutterstock_1995992660-3-8x12.jpg.webp 8w, https:\/\/onebooking.pt\/wp-content\/smush-webp\/2025\/05\/shutterstock_1995992660-3-333x500.jpg.webp 333w, https:\/\/onebooking.pt\/wp-content\/smush-webp\/2025\/05\/shutterstock_1995992660-3-scaled.jpg.webp 1067w\" sizes=\"(max-width: 768px) 100vw, 768px\" \/>\t\t\t\t\t\t\t\t\t\t\t\t\t\t\t<\/div>\n\t\t\t\t<\/div>\n\t\t\t\t\t<\/div>\n\t\t<\/div>\n\t\t\t\t\t<\/div>\n\t\t<\/section>\n\t\t\t\t<section class=\"elementor-section elementor-top-section elementor-element elementor-element-a8af946 elementor-section-boxed elementor-section-height-default elementor-section-height-default\" data-id=\"a8af946\" data-element_type=\"section\" data-e-type=\"section\" data-settings=\"{&quot;jet_parallax_layout_list&quot;:[]}\">\n\t\t\t\t\t\t<div class=\"elementor-container elementor-column-gap-default\">\n\t\t\t\t\t<div class=\"elementor-column elementor-col-50 elementor-top-column elementor-element elementor-element-95ee631\" data-id=\"95ee631\" data-element_type=\"column\" data-e-type=\"column\">\n\t\t\t<div class=\"elementor-widget-wrap elementor-element-populated\">\n\t\t\t\t\t\t<div class=\"elementor-element elementor-element-92d6aad elementor-invisible elementor-widget elementor-widget-image\" data-id=\"92d6aad\" data-element_type=\"widget\" data-e-type=\"widget\" data-settings=\"{&quot;_animation&quot;:&quot;fadeInUp&quot;,&quot;_animation_tablet&quot;:&quot;none&quot;}\" data-widget_type=\"image.default\">\n\t\t\t\t<div class=\"elementor-widget-container\">\n\t\t\t\t\t\t\t\t\t\t\t\t\t\t\t<img decoding=\"async\" width=\"768\" height=\"521\" src=\"https:\/\/onebooking.pt\/wp-content\/smush-webp\/2025\/05\/shutterstock_2406480129-1-768x521.jpg.webp\" class=\"attachment-medium_large size-medium_large wp-image-198803\" alt=\"Evora,,Portugal, ,Roman,Temple,Of,Diana,At,Sunset,In\" srcset=\"https:\/\/onebooking.pt\/wp-content\/smush-webp\/2025\/05\/shutterstock_2406480129-1-768x521.jpg.webp 768w, https:\/\/onebooking.pt\/wp-content\/smush-webp\/2025\/05\/shutterstock_2406480129-1-300x203.jpg.webp 300w, https:\/\/onebooking.pt\/wp-content\/smush-webp\/2025\/05\/shutterstock_2406480129-1-1024x694.jpg.webp 1024w, https:\/\/onebooking.pt\/wp-content\/smush-webp\/2025\/05\/shutterstock_2406480129-1-1536x1041.jpg.webp 1536w, https:\/\/onebooking.pt\/wp-content\/smush-webp\/2025\/05\/shutterstock_2406480129-1-2048x1388.jpg.webp 2048w, https:\/\/onebooking.pt\/wp-content\/smush-webp\/2025\/05\/shutterstock_2406480129-1-18x12.jpg.webp 18w, https:\/\/onebooking.pt\/wp-content\/smush-webp\/2025\/05\/shutterstock_2406480129-1-120x80.jpg.webp 120w, https:\/\/onebooking.pt\/wp-content\/smush-webp\/2025\/05\/shutterstock_2406480129-1-738x500.jpg.webp 738w, https:\/\/onebooking.pt\/wp-content\/smush-webp\/2025\/05\/shutterstock_2406480129-1-scaled.jpg.webp 1800w\" sizes=\"(max-width: 768px) 100vw, 768px\" \/>\t\t\t\t\t\t\t\t\t\t\t\t\t\t\t<\/div>\n\t\t\t\t<\/div>\n\t\t\t\t\t<\/div>\n\t\t<\/div>\n\t\t\t\t<div class=\"elementor-column elementor-col-50 elementor-top-column elementor-element elementor-element-7fefc52\" data-id=\"7fefc52\" data-element_type=\"column\" data-e-type=\"column\">\n\t\t\t<div class=\"elementor-widget-wrap elementor-element-populated\">\n\t\t\t\t\t\t<div class=\"elementor-element elementor-element-74062f4 elementor-widget elementor-widget-heading\" data-id=\"74062f4\" data-element_type=\"widget\" data-e-type=\"widget\" data-widget_type=\"heading.default\">\n\t\t\t\t<div class=\"elementor-widget-container\">\n\t\t\t\t\t<h2 class=\"elementor-heading-title elementor-size-default\">D\u00c9VOILER<\/h2>\t\t\t\t<\/div>\n\t\t\t\t<\/div>\n\t\t\t\t<div class=\"elementor-element elementor-element-69df2cc elementor-widget elementor-widget-text-editor\" data-id=\"69df2cc\" data-element_type=\"widget\" data-e-type=\"widget\" data-widget_type=\"text-editor.default\">\n\t\t\t\t<div class=\"elementor-widget-container\">\n\t\t\t\t\t\t\t\t\t<p><span style=\"font-size: 24px;\">Des souvenirs durables<br \/><\/span>Chez One Booking, chaque s\u00e9jour est une invitation \u00e0 vivre quelque chose de vraiment sp\u00e9cial.<br \/>Que vous souhaitiez vous d\u00e9tendre en famille, passer du temps avec des amis ou travailler confortablement, nous avons l&#039;espace id\u00e9al pour vous - \u00e0 Albufeira, \u00c9vora et Leiria.<br \/>Laissez-vous inspirer par des exp\u00e9riences authentiques et significatives tout en explorant le meilleur de chaque destination.<\/p>\t\t\t\t\t\t\t\t<\/div>\n\t\t\t\t<\/div>\n\t\t\t\t\t<\/div>\n\t\t<\/div>\n\t\t\t\t\t<\/div>\n\t\t<\/section>\n\t\t\t\t<\/div>","protected":false},"excerpt":{"rendered":"<p>SOULFUL STAYS UNPLUG The break you deserveWe believe in the value of a true pause \u2014 to rest, discover new places, and reconnect with what truly matters.Our spaces are welcoming, well-equipped, and strategically located \u2014 ideal for exploring each destination at your own pace.With a hospitality-first approach, we always put our guests at the centre [&hellip;]<\/p>\n","protected":false},"author":2,"featured_media":0,"parent":0,"menu_order":0,"comment_status":"closed","ping_status":"closed","template":"","meta":{"_acf_changed":false,"footnotes":""},"class_list":["post-191481","page","type-page","status-publish","hentry"],"acf":[],"_links":{"self":[{"href":"https:\/\/onebooking.pt\/fr\/wp-json\/wp\/v2\/pages\/191481","targetHints":{"allow":["GET"]}}],"collection":[{"href":"https:\/\/onebooking.pt\/fr\/wp-json\/wp\/v2\/pages"}],"about":[{"href":"https:\/\/onebooking.pt\/fr\/wp-json\/wp\/v2\/types\/page"}],"author":[{"embeddable":true,"href":"https:\/\/onebooking.pt\/fr\/wp-json\/wp\/v2\/users\/2"}],"replies":[{"embeddable":true,"href":"https:\/\/onebooking.pt\/fr\/wp-json\/wp\/v2\/comments?post=191481"}],"version-history":[{"count":184,"href":"https:\/\/onebooking.pt\/fr\/wp-json\/wp\/v2\/pages\/191481\/revisions"}],"predecessor-version":[{"id":198879,"href":"https:\/\/onebooking.pt\/fr\/wp-json\/wp\/v2\/pages\/191481\/revisions\/198879"}],"wp:attachment":[{"href":"https:\/\/onebooking.pt\/fr\/wp-json\/wp\/v2\/media?parent=191481"}],"curies":[{"name":"wp","href":"https:\/\/api.w.org\/{rel}","templated":true}]}}