{"id":196974,"date":"2024-11-20T11:06:56","date_gmt":"2024-11-20T11:06:56","guid":{"rendered":"https:\/\/onebooking.pt\/?page_id=196974"},"modified":"2025-05-13T19:29:40","modified_gmt":"2025-05-13T19:29:40","slug":"terms-and-conditions","status":"publish","type":"page","link":"https:\/\/onebooking.pt\/fr\/terms-and-conditions\/","title":{"rendered":"Termes et Conditions"},"content":{"rendered":"<div data-elementor-type=\"wp-page\" data-elementor-id=\"196974\" class=\"elementor elementor-196974\" data-elementor-post-type=\"page\">\n\t\t\t\t\t\t<section class=\"elementor-section elementor-top-section elementor-element elementor-element-2969ad53 elementor-section-height-min-height elementor-section-full_width elementor-section-height-default elementor-section-items-middle\" data-id=\"2969ad53\" data-element_type=\"section\" data-e-type=\"section\" data-settings=\"{&quot;jet_parallax_layout_list&quot;:[],&quot;background_background&quot;:&quot;classic&quot;}\">\n\t\t\t\t\t\t\t<div class=\"elementor-background-overlay\"><\/div>\n\t\t\t\t\t\t\t<div class=\"elementor-container elementor-column-gap-default\">\n\t\t\t\t\t<div class=\"elementor-column elementor-col-100 elementor-top-column elementor-element elementor-element-78a08c4b\" data-id=\"78a08c4b\" data-element_type=\"column\" data-e-type=\"column\">\n\t\t\t<div class=\"elementor-widget-wrap elementor-element-populated\">\n\t\t\t\t\t\t<div class=\"elementor-element elementor-element-32693e23 elementor-widget elementor-widget-heading\" data-id=\"32693e23\" data-element_type=\"widget\" data-e-type=\"widget\" data-widget_type=\"heading.default\">\n\t\t\t\t<div class=\"elementor-widget-container\">\n\t\t\t\t\t<h2 class=\"elementor-heading-title elementor-size-default\">Termes et Conditions<\/h2>\t\t\t\t<\/div>\n\t\t\t\t<\/div>\n\t\t\t\t\t<\/div>\n\t\t<\/div>\n\t\t\t\t\t<\/div>\n\t\t<\/section>\n\t\t\t\t<section class=\"elementor-section elementor-top-section elementor-element elementor-element-6fe29c3c elementor-section-boxed elementor-section-height-default elementor-section-height-default\" data-id=\"6fe29c3c\" data-element_type=\"section\" data-e-type=\"section\" data-settings=\"{&quot;jet_parallax_layout_list&quot;:[]}\">\n\t\t\t\t\t\t<div class=\"elementor-container elementor-column-gap-default\">\n\t\t\t\t\t<div class=\"elementor-column elementor-col-100 elementor-top-column elementor-element elementor-element-22152ea6\" data-id=\"22152ea6\" data-element_type=\"column\" data-e-type=\"column\">\n\t\t\t<div class=\"elementor-widget-wrap elementor-element-populated\">\n\t\t\t\t\t\t<div class=\"elementor-element elementor-element-440b6e71 elementor-widget elementor-widget-text-editor\" data-id=\"440b6e71\" data-element_type=\"widget\" data-e-type=\"widget\" data-widget_type=\"text-editor.default\">\n\t\t\t\t<div class=\"elementor-widget-container\">\n\t\t\t\t\t\t\t\t\t<p>En utilisant notre site Web (https:\/\/onebooking.pt), vous (le client responsable de la r\u00e9servation) et l&#039;h\u00f4te (One Booking) acceptez de respecter les conditions g\u00e9n\u00e9rales suivantes :<\/p><p><b>R\u00e9servations et Confirmations<\/b><br \/>1.1. Votre r\u00e9servation sera confirm\u00e9e apr\u00e8s r\u00e9ception de notre e-mail de confirmation et d&#039;un acompte (50%) correspondant au montant total. Le solde (50%) devra \u00eatre r\u00e9gl\u00e9 au plus tard 7 jours avant votre arriv\u00e9e.<br \/>1.2. Pour effectuer une r\u00e9servation, vous devez avoir au moins 18 ans.<br \/>Environ 7 jours avant votre s\u00e9jour (ou plus t\u00f4t pour les r\u00e9servations de derni\u00e8re minute), un formulaire sera envoy\u00e9 pour recueillir les informations d&#039;identification du client principal et de tous les clients accompagnants, ainsi que d&#039;autres informations l\u00e9galement requises.<\/p><p><b>Paiement<\/b><br \/>2.1. Nous acceptons les paiements par carte de cr\u00e9dit, PayPal ou virement bancaire.<br \/>2.2. Les tarifs sont sujets \u00e0 changement sans pr\u00e9avis et peuvent varier en fonction de la propri\u00e9t\u00e9, de la saison et de la disponibilit\u00e9.<br \/>2.3. Un d\u00e9p\u00f4t de garantie est exig\u00e9 avant l&#039;enregistrement et est remboursable apr\u00e8s le d\u00e9part et l&#039;inspection.<br \/>2.4. Des frais suppl\u00e9mentaires pour les taxes de s\u00e9jour locales peuvent s&#039;appliquer aux clients, en fonction de l&#039;emplacement de l&#039;\u00e9tablissement.<\/p><p><b>D\u00e9p\u00f4t De Garantie<\/b><br \/>3.1. Un d\u00e9p\u00f4t de garantie remboursable, compris entre 150 et 500 \u20ac, sera pr\u00e9lev\u00e9 avant l&#039;arriv\u00e9e, selon le logement. Il sera restitu\u00e9 apr\u00e8s le d\u00e9part, une fois le m\u00e9nage effectu\u00e9 et l&#039;absence de dommages ou d&#039;objets manquants constat\u00e9s. Le m\u00e9nage peut \u00eatre effectu\u00e9 le jour du d\u00e9part ou le jour ouvrable suivant.<br \/>3.2. En effectuant une r\u00e9servation, vous acceptez d&#039;\u00eatre responsable de tout vol, dommage ou casse caus\u00e9 par vous ou un membre de votre groupe. Vous vous engagez \u00e0 nous indemniser pour toute perte en r\u00e9sultant.<\/p><p><b>Politique D&#039;Annulation<\/b><br \/>4.1. Annulations des clients :<br \/>\u2013 Annulation jusqu\u2019\u00e0 14 jours avant l\u2019arriv\u00e9e : Remboursement int\u00e9gral de l\u2019acompte initial.<br \/>\u2013 Annulation entre 14 et 7 jours avant l\u2019arriv\u00e9e : 50% remboursement de l\u2019acompte initial.<br \/>\u2013 Annulation 7 jours ou moins avant l\u2019arriv\u00e9e : Aucun remboursement.<\/p><p>4.2. Annulations de l&#039;h\u00f4te :<br \/>Si la r\u00e9servation est annul\u00e9e en raison de circonstances ind\u00e9pendantes de notre volont\u00e9 (par exemple, catastrophes naturelles, probl\u00e8mes structurels), vous en serez imm\u00e9diatement inform\u00e9 et tous les paiements vous seront rembours\u00e9s. Notre responsabilit\u00e9 est limit\u00e9e au montant per\u00e7u.<\/p><p><b>Le Check-in et Check-out<\/b><br \/>5.1. L&#039;arriv\u00e9e s&#039;effectue \u00e0 partir de 16h00 et le d\u00e9part doit \u00eatre effectu\u00e9 avant 11h00. D&#039;autres horaires peuvent \u00eatre convenus \u00e0 l&#039;avance et entra\u00eener des frais suppl\u00e9mentaires.<br \/>5.2. L&#039;auto-enregistrement est disponible via un coffre-fort \u00e0 cl\u00e9s ou un clavier num\u00e9rique, selon l&#039;\u00e9tablissement.<br \/>5.3. Au moment du d\u00e9part, les cl\u00e9s doivent \u00eatre d\u00e9pos\u00e9es sur la table \u00e0 manger et\/ou remises dans le coffre-fort. Toute cl\u00e9 perdue ou non restitu\u00e9e entra\u00eenera des frais de remplacement, qui pourront \u00eatre d\u00e9duits du d\u00e9p\u00f4t de garantie ou factur\u00e9s s\u00e9par\u00e9ment.<\/p><p><b>Les Heures De Repos<\/b><br \/>6.1. Veuillez respecter le silence entre 22h et 8h, y compris dans les espaces ext\u00e9rieurs tels que les balcons, les terrasses et les toits. L&#039;utilisation de haut-parleurs \u00e0 l&#039;ext\u00e9rieur est interdite pendant ces heures.<\/p><p><b>Les Parties et les Invit\u00e9s Suppl\u00e9mentaires Interdite<\/b><br \/>7.1. Si vous pr\u00e9voyez une c\u00e9l\u00e9bration (par exemple, un anniversaire ou un \u00e9v\u00e9nement sp\u00e9cial), une autorisation \u00e9crite pr\u00e9alable est requise. Cela inclut l&#039;invitation de personnes suppl\u00e9mentaires \u00e0 la propri\u00e9t\u00e9.<br \/>7.2. Le nombre de personnes pr\u00e9sentes dans l&#039;\u00e9tablissement ne doit pas d\u00e9passer le nombre indiqu\u00e9 sur le profil de l&#039;\u00e9tablissement sur https:\/\/onebooking.pt. Seuls les clients mentionn\u00e9s dans le formulaire de r\u00e9servation sont autoris\u00e9s \u00e0 s\u00e9journer.<br \/>7.3. Les f\u00eates et \u00e9v\u00e9nements sont strictement interdits. Toute infraction entra\u00eenera la r\u00e9siliation imm\u00e9diate du s\u00e9jour sans remboursement, et d&#039;\u00e9ventuels frais suppl\u00e9mentaires pour dommages ou perturbations.<br \/><span style=\"color: inherit; background-color: inherit; letter-spacing: inherit;\"><br \/><b>Le tabagisme et l&#039;Usage de Drogues Interdites<br \/><\/b><\/span><span style=\"color: inherit; background-color: inherit; letter-spacing: inherit;\">8.1. Il est strictement interdit de fumer \u00e0 l&#039;int\u00e9rieur de la propri\u00e9t\u00e9. Si vous fumez \u00e0 l&#039;ext\u00e9rieur (balcons, jardins, terrasses), soyez prudents et respectueux.<br \/><\/span><span style=\"color: inherit; background-color: inherit; letter-spacing: inherit;\">8.2. La consommation de drogue est strictement interdite sur la propri\u00e9t\u00e9.<\/span><\/p><p><b>Les animaux de compagnie<\/b><br \/>9.1. Les animaux de compagnie ne sont pas autoris\u00e9s.<\/p><p><b>Soins pour le Mobilier et la D\u00e9coration<\/b><br \/>10.1. Tous les meubles, \u0153uvres d&#039;art et d\u00e9corations doivent rester sur place pour les futurs clients. Tout objet manquant ou endommag\u00e9 sera factur\u00e9 au client.<br \/>10.2. Veuillez traiter la propri\u00e9t\u00e9 avec soin et respect, comme si c&#039;\u00e9tait votre propre maison.<br \/>10.3. Le linge de lit, les serviettes et le linge de cuisine sont fournis et doivent rester sur place. Tout article manquant sera factur\u00e9 au client.<\/p><p><b>Le Respect et la Tol\u00e9rance<\/b><br \/>11.1. Nous accueillons les voyageurs internationaux en qu\u00eate d&#039;une exp\u00e9rience authentique, confortable et unique. Nos espaces sont conviviaux, inclusifs et accueillants. Nous ne tol\u00e9rons aucun comportement grossier, agressif ou irrespectueux envers notre \u00e9quipe.<br \/>11.2. Toute violence verbale ou physique sera signal\u00e9e aux autorit\u00e9s locales et des mesures seront prises pour prot\u00e9ger notre \u00e9quipe. La r\u00e9servation pourra \u00eatre imm\u00e9diatement annul\u00e9e si n\u00e9cessaire.<\/p><p><b>De La Propri\u00e9t\u00e9 Intellectuelle<\/b><br \/>12.1. Tout le contenu de ce site web, y compris les textes, graphiques, images, logos et logiciels, est la propri\u00e9t\u00e9 de notre soci\u00e9t\u00e9 ou de nos partenaires sous licence et est prot\u00e9g\u00e9 par le droit d&#039;auteur, les marques d\u00e9pos\u00e9es et autres lois sur la propri\u00e9t\u00e9 intellectuelle.<br \/>12.2. La copie, la reproduction, la modification, la distribution ou l&#039;utilisation de tout contenu de ce site Web sans autorisation \u00e9crite est strictement interdite.<\/p><p><b>Garantie<\/b><br \/>13.1. Le site web https:\/\/onebooking.pt est fourni \u00ab\u00a0en l&#039;\u00e9tat\u00a0\u00bb et \u00ab\u00a0selon la disponibilit\u00e9\u00a0\u00bb, sans aucune garantie expresse ou implicite. Nous ne garantissons pas que le site sera exempt d&#039;erreurs, ininterrompu ou s\u00e9curis\u00e9.<\/p><p><b>La responsabilit\u00e9<\/b><br \/>14.1. Dans toute la mesure permise par la loi, l&#039;h\u00e9bergeur ne pourra \u00eatre tenu responsable de tout dommage indirect, accessoire, sp\u00e9cial ou cons\u00e9cutif r\u00e9sultant de l&#039;utilisation du site Web.<br \/>14.2. Le pr\u00e9sent contrat vous engage (en tant que client) et tous les membres du groupe inclus dans la r\u00e9servation. Vous \u00eates responsable de vous assurer que tous les membres ont pris connaissance de ces conditions et les acceptent. Le non-respect des informations requises ou le non-respect de ces conditions peut entra\u00eener la r\u00e9siliation du contrat et la perte de la r\u00e9servation.<br \/>14.3. Une pi\u00e8ce d&#039;identit\u00e9 doit \u00eatre fournie pour tous les invit\u00e9s, y compris leur \u00e2ge et leurs coordonn\u00e9es.<br \/>14.4. La sous-location est strictement interdite.<br \/>14.5. Le client est responsable de la supervision de tous les mineurs dans leur groupe en tout temps.<\/p><p>Si vous avez des questions sur ces conditions g\u00e9n\u00e9rales, n&#039;h\u00e9sitez pas \u00e0 nous contacter \u00e0 pedro@onebooking.pt.<br \/>Nous sommes heureux de vous aider et de veiller \u00e0 ce que votre exp\u00e9rience dans notre propri\u00e9t\u00e9 soit aussi agr\u00e9able que possible.<\/p><p>Merci d&#039;avoir choisi One Booking. Au plaisir de vous accueillir !<\/p>\t\t\t\t\t\t\t\t<\/div>\n\t\t\t\t<\/div>\n\t\t\t\t\t<\/div>\n\t\t<\/div>\n\t\t\t\t\t<\/div>\n\t\t<\/section>\n\t\t\t\t<\/div>","protected":false},"excerpt":{"rendered":"<p>By using our website (https:\/\/onebooking.pt), you (the guest responsible for the reservation) and the host (One Booking) agree to comply with the following Terms &amp; Conditions: Bookings and Confirmations1.1. Your reservation will be confirmed after receipt of our confirmation email and a 50% deposit of the total amount. The remaining 50% must be paid no [&hellip;]<\/p>\n","protected":false},"author":2,"featured_media":0,"parent":0,"menu_order":0,"comment_status":"closed","ping_status":"closed","template":"","meta":{"_acf_changed":false,"footnotes":""},"class_list":["post-196974","page","type-page","status-publish","hentry"],"acf":[],"_links":{"self":[{"href":"https:\/\/onebooking.pt\/fr\/wp-json\/wp\/v2\/pages\/196974","targetHints":{"allow":["GET"]}}],"collection":[{"href":"https:\/\/onebooking.pt\/fr\/wp-json\/wp\/v2\/pages"}],"about":[{"href":"https:\/\/onebooking.pt\/fr\/wp-json\/wp\/v2\/types\/page"}],"author":[{"embeddable":true,"href":"https:\/\/onebooking.pt\/fr\/wp-json\/wp\/v2\/users\/2"}],"replies":[{"embeddable":true,"href":"https:\/\/onebooking.pt\/fr\/wp-json\/wp\/v2\/comments?post=196974"}],"version-history":[{"count":19,"href":"https:\/\/onebooking.pt\/fr\/wp-json\/wp\/v2\/pages\/196974\/revisions"}],"predecessor-version":[{"id":198756,"href":"https:\/\/onebooking.pt\/fr\/wp-json\/wp\/v2\/pages\/196974\/revisions\/198756"}],"wp:attachment":[{"href":"https:\/\/onebooking.pt\/fr\/wp-json\/wp\/v2\/media?parent=196974"}],"curies":[{"name":"wp","href":"https:\/\/api.w.org\/{rel}","templated":true}]}}