{"id":3,"date":"2023-05-18T06:13:47","date_gmt":"2023-05-18T06:13:47","guid":{"rendered":"https:\/\/onebooking.pt\/?page_id=3"},"modified":"2025-04-02T09:17:53","modified_gmt":"2025-04-02T09:17:53","slug":"privacy-policy","status":"publish","type":"page","link":"https:\/\/onebooking.pt\/fr\/privacy-policy\/","title":{"rendered":"Politique De Confidentialit\u00e9"},"content":{"rendered":"<div data-elementor-type=\"wp-page\" data-elementor-id=\"3\" class=\"elementor elementor-3\" data-elementor-post-type=\"page\">\n\t\t\t\t\t\t<section class=\"elementor-section elementor-top-section elementor-element elementor-element-112c9129 elementor-section-height-min-height elementor-section-full_width elementor-section-height-default elementor-section-items-middle\" data-id=\"112c9129\" data-element_type=\"section\" data-e-type=\"section\" data-settings=\"{&quot;jet_parallax_layout_list&quot;:[],&quot;background_background&quot;:&quot;classic&quot;}\">\n\t\t\t\t\t\t\t<div class=\"elementor-background-overlay\"><\/div>\n\t\t\t\t\t\t\t<div class=\"elementor-container elementor-column-gap-default\">\n\t\t\t\t\t<div class=\"elementor-column elementor-col-100 elementor-top-column elementor-element elementor-element-6e773af4\" data-id=\"6e773af4\" data-element_type=\"column\" data-e-type=\"column\">\n\t\t\t<div class=\"elementor-widget-wrap elementor-element-populated\">\n\t\t\t\t\t\t<div class=\"elementor-element elementor-element-2f9b7e1c elementor-widget elementor-widget-heading\" data-id=\"2f9b7e1c\" data-element_type=\"widget\" data-e-type=\"widget\" data-widget_type=\"heading.default\">\n\t\t\t\t<div class=\"elementor-widget-container\">\n\t\t\t\t\t<h2 class=\"elementor-heading-title elementor-size-default\">Politique De Confidentialit\u00e9<\/h2>\t\t\t\t<\/div>\n\t\t\t\t<\/div>\n\t\t\t\t\t<\/div>\n\t\t<\/div>\n\t\t\t\t\t<\/div>\n\t\t<\/section>\n\t\t\t\t<section class=\"elementor-section elementor-top-section elementor-element elementor-element-2f742c66 elementor-section-boxed elementor-section-height-default elementor-section-height-default\" data-id=\"2f742c66\" data-element_type=\"section\" data-e-type=\"section\" data-settings=\"{&quot;jet_parallax_layout_list&quot;:[]}\">\n\t\t\t\t\t\t<div class=\"elementor-container elementor-column-gap-default\">\n\t\t\t\t\t<div class=\"elementor-column elementor-col-100 elementor-top-column elementor-element elementor-element-6a33e0a0\" data-id=\"6a33e0a0\" data-element_type=\"column\" data-e-type=\"column\">\n\t\t\t<div class=\"elementor-widget-wrap elementor-element-populated\">\n\t\t\t\t\t\t<div class=\"elementor-element elementor-element-1e5f08fd elementor-widget elementor-widget-text-editor\" data-id=\"1e5f08fd\" data-element_type=\"widget\" data-e-type=\"widget\" data-widget_type=\"text-editor.default\">\n\t\t\t\t<div class=\"elementor-widget-container\">\n\t\t\t\t\t\t\t\t\t<p><b>1. Qui Nous Sommes<\/b><br \/>One Booking, dont le site web est https:\/\/onebooking.pt et g\u00e9r\u00e9 par One to Four, Lda, respecte la vie priv\u00e9e de ses utilisateurs et s&#039;engage \u00e0 prot\u00e9ger les informations personnelles qu&#039;ils fournissent. En utilisant nos services, le client accepte les termes de la pr\u00e9sente Politique de confidentialit\u00e9.<br \/><br \/><b>2. Informations<\/b><br \/>Nous Recueillons Lorsque vous utilisez notre site web, nous pouvons recueillir des renseignements personnels tels que votre nom, votre email, et les d\u00e9tails de paiement pour traiter les r\u00e9servations. Nous pouvons \u00e9galement collecter des donn\u00e9es de navigation, telles que l&#039;adresse IP, type de navigateur et les pages visit\u00e9es, afin d&#039;am\u00e9liorer l&#039;exp\u00e9rience utilisateur.<br \/><br \/><b>3. Comment Nous Utilisons Vos Informations<\/b><br \/>L&#039;information recueillie est utilis\u00e9e pour traiter les r\u00e9servations, offrir du soutien, de personnaliser votre exp\u00e9rience, et de communiquer avec vous \u00e0 propos de mises \u00e0 jour et offres. Nous ne partageons pas vos informations avec des tiers, sauf si requis par la loi.<br \/><br \/><b>4. Le partage de l&#039;Information<\/b><br \/>Nous ne partageons pas vos renseignements personnels avec des tiers, sauf si cela est n\u00e9cessaire pour: traiter les paiements de paiement s\u00e9curis\u00e9 plates-formes de Respecter les obligations l\u00e9gales ou de r\u00e9pondre \u00e0 des demandes gouvernementales<br \/><br \/><b>5. Les Cookies<\/b><br \/>Nous utilisons des cookies pour stocker les pr\u00e9f\u00e9rences de l&#039;utilisateur et d&#039;am\u00e9liorer la fonctionnalit\u00e9 du site. Les cookies tiers peuvent \u00eatre utilis\u00e9s pour des analyses de donn\u00e9es.<br \/><br \/><b>6. La S\u00e9curit\u00e9 De L&#039;Information<\/b><br \/>Nous prenons des mesures pour prot\u00e9ger vos renseignements personnels contre tout acc\u00e8s non autoris\u00e9.<br \/><br \/><b>7. Vos Droits<\/b><br \/>Vous avez le droit d&#039;acc\u00e8s, de rectification, ou de suppression de vos informations personnelles \u00e0 tout moment. Pour exercer ces droits ou pour toute demande touchant la confidentialit\u00e9, contactez-nous \u00e0: pedro@onebooking.pt<br \/><br \/><b>8. Changements \u00e0 Cette Politique<\/b><br \/>Nous nous r\u00e9servons le droit de mettre \u00e0 jour cette Politique de Confidentialit\u00e9 r\u00e9guli\u00e8rement. Tous les changements seront affich\u00e9s sur notre site web.<\/p>\t\t\t\t\t\t\t\t<\/div>\n\t\t\t\t<\/div>\n\t\t\t\t\t<\/div>\n\t\t<\/div>\n\t\t\t\t\t<\/div>\n\t\t<\/section>\n\t\t\t\t<\/div>","protected":false},"excerpt":{"rendered":"<p>1. Who We AreOne Booking, with the website address: https:\/\/onebooking.pt, managed by One to Four, Lda, respects the privacy of its users and is committed to protecting the personal information you provide. By using our services, the guest agrees to the terms of this Privacy Policy. 2. InformationWe Collect When you use our website, we [&hellip;]<\/p>\n","protected":false},"author":2,"featured_media":0,"parent":0,"menu_order":0,"comment_status":"closed","ping_status":"open","template":"","meta":{"_acf_changed":false,"footnotes":""},"class_list":["post-3","page","type-page","status-publish","hentry"],"acf":[],"_links":{"self":[{"href":"https:\/\/onebooking.pt\/fr\/wp-json\/wp\/v2\/pages\/3","targetHints":{"allow":["GET"]}}],"collection":[{"href":"https:\/\/onebooking.pt\/fr\/wp-json\/wp\/v2\/pages"}],"about":[{"href":"https:\/\/onebooking.pt\/fr\/wp-json\/wp\/v2\/types\/page"}],"author":[{"embeddable":true,"href":"https:\/\/onebooking.pt\/fr\/wp-json\/wp\/v2\/users\/2"}],"replies":[{"embeddable":true,"href":"https:\/\/onebooking.pt\/fr\/wp-json\/wp\/v2\/comments?post=3"}],"version-history":[{"count":12,"href":"https:\/\/onebooking.pt\/fr\/wp-json\/wp\/v2\/pages\/3\/revisions"}],"predecessor-version":[{"id":198332,"href":"https:\/\/onebooking.pt\/fr\/wp-json\/wp\/v2\/pages\/3\/revisions\/198332"}],"wp:attachment":[{"href":"https:\/\/onebooking.pt\/fr\/wp-json\/wp\/v2\/media?parent=3"}],"curies":[{"name":"wp","href":"https:\/\/api.w.org\/{rel}","templated":true}]}}