{"id":191481,"date":"2023-05-09T06:51:41","date_gmt":"2023-05-09T06:51:41","guid":{"rendered":"https:\/\/onebooking.pt\/?page_id=191481"},"modified":"2025-05-16T22:34:59","modified_gmt":"2025-05-16T22:34:59","slug":"home-3","status":"publish","type":"page","link":"https:\/\/onebooking.pt\/pt\/home-3\/","title":{"rendered":"Sobre N\u00f3s"},"content":{"rendered":"<div data-elementor-type=\"wp-page\" data-elementor-id=\"191481\" class=\"elementor elementor-191481\" data-elementor-post-type=\"page\">\n\t\t\t\t\t\t<section class=\"elementor-section elementor-top-section elementor-element elementor-element-55ef5fe elementor-section-height-min-height elementor-section-full_width elementor-section-height-default elementor-section-items-middle\" data-id=\"55ef5fe\" data-element_type=\"section\" data-e-type=\"section\" data-settings=\"{&quot;jet_parallax_layout_list&quot;:[],&quot;background_background&quot;:&quot;classic&quot;}\">\n\t\t\t\t\t\t\t<div class=\"elementor-background-overlay\"><\/div>\n\t\t\t\t\t\t\t<div class=\"elementor-container elementor-column-gap-default\">\n\t\t\t\t\t<div class=\"elementor-column elementor-col-100 elementor-top-column elementor-element elementor-element-d3bfc32\" data-id=\"d3bfc32\" data-element_type=\"column\" data-e-type=\"column\">\n\t\t\t<div class=\"elementor-widget-wrap elementor-element-populated\">\n\t\t\t\t\t\t<section class=\"elementor-section elementor-inner-section elementor-element elementor-element-ae9a685 elementor-section-boxed elementor-section-height-default elementor-section-height-default\" data-id=\"ae9a685\" data-element_type=\"section\" data-e-type=\"section\" data-settings=\"{&quot;jet_parallax_layout_list&quot;:[]}\">\n\t\t\t\t\t\t<div class=\"elementor-container elementor-column-gap-default\">\n\t\t\t\t\t<div class=\"elementor-column elementor-col-100 elementor-inner-column elementor-element elementor-element-7a72fe0\" data-id=\"7a72fe0\" data-element_type=\"column\" data-e-type=\"column\">\n\t\t\t<div class=\"elementor-widget-wrap elementor-element-populated\">\n\t\t\t\t\t\t<div class=\"elementor-element elementor-element-b154b2c elementor-widget elementor-widget-heading\" data-id=\"b154b2c\" data-element_type=\"widget\" data-e-type=\"widget\" data-widget_type=\"heading.default\">\n\t\t\t\t<div class=\"elementor-widget-container\">\n\t\t\t\t\t<h1 class=\"elementor-heading-title elementor-size-default\">ESS\u00caNCIA PORTUGUESA<\/h1>\t\t\t\t<\/div>\n\t\t\t\t<\/div>\n\t\t\t\t\t<\/div>\n\t\t<\/div>\n\t\t\t\t\t<\/div>\n\t\t<\/section>\n\t\t\t\t\t<\/div>\n\t\t<\/div>\n\t\t\t\t\t<\/div>\n\t\t<\/section>\n\t\t\t\t<section class=\"elementor-section elementor-top-section elementor-element elementor-element-74947fa elementor-section-boxed elementor-section-height-default elementor-section-height-default\" data-id=\"74947fa\" data-element_type=\"section\" data-e-type=\"section\" data-settings=\"{&quot;jet_parallax_layout_list&quot;:[]}\">\n\t\t\t\t\t\t<div class=\"elementor-container elementor-column-gap-default\">\n\t\t\t\t\t<div class=\"elementor-column elementor-col-50 elementor-top-column elementor-element elementor-element-71662bb\" data-id=\"71662bb\" data-element_type=\"column\" data-e-type=\"column\">\n\t\t\t<div class=\"elementor-widget-wrap elementor-element-populated\">\n\t\t\t\t\t\t<div class=\"elementor-element elementor-element-7c0b1f3 elementor-invisible elementor-widget elementor-widget-image\" data-id=\"7c0b1f3\" data-element_type=\"widget\" data-e-type=\"widget\" data-settings=\"{&quot;_animation&quot;:&quot;fadeInUp&quot;,&quot;_animation_tablet&quot;:&quot;none&quot;}\" data-widget_type=\"image.default\">\n\t\t\t\t<div class=\"elementor-widget-container\">\n\t\t\t\t\t\t\t\t\t\t\t\t\t\t\t<img fetchpriority=\"high\" decoding=\"async\" width=\"768\" height=\"512\" src=\"https:\/\/onebooking.pt\/wp-content\/smush-webp\/2025\/05\/shutterstock_2289692275-768x512.jpg.webp\" class=\"attachment-medium_large size-medium_large wp-image-198768\" alt=\"Woman,Tourist,Enjoying,Panoramic,View,Of,Beautiful,Algarve,Heart,Shaped\" srcset=\"https:\/\/onebooking.pt\/wp-content\/smush-webp\/2025\/05\/shutterstock_2289692275-768x512.jpg.webp 768w, https:\/\/onebooking.pt\/wp-content\/smush-webp\/2025\/05\/shutterstock_2289692275-300x200.jpg.webp 300w, https:\/\/onebooking.pt\/wp-content\/smush-webp\/2025\/05\/shutterstock_2289692275-1024x683.jpg.webp 1024w, https:\/\/onebooking.pt\/wp-content\/smush-webp\/2025\/05\/shutterstock_2289692275-1536x1024.jpg.webp 1536w, https:\/\/onebooking.pt\/wp-content\/smush-webp\/2025\/05\/shutterstock_2289692275-2048x1366.jpg.webp 2048w, https:\/\/onebooking.pt\/wp-content\/smush-webp\/2025\/05\/shutterstock_2289692275-18x12.jpg.webp 18w, https:\/\/onebooking.pt\/wp-content\/smush-webp\/2025\/05\/shutterstock_2289692275-450x300.jpg.webp 450w, https:\/\/onebooking.pt\/wp-content\/smush-webp\/2025\/05\/shutterstock_2289692275-1140x760.jpg.webp 1140w, https:\/\/onebooking.pt\/wp-content\/smush-webp\/2025\/05\/shutterstock_2289692275-120x80.jpg.webp 120w, https:\/\/onebooking.pt\/wp-content\/smush-webp\/2025\/05\/shutterstock_2289692275-750x500.jpg.webp 750w, https:\/\/onebooking.pt\/wp-content\/smush-webp\/2025\/05\/shutterstock_2289692275-scaled.jpg.webp 1800w\" sizes=\"(max-width: 768px) 100vw, 768px\" \/>\t\t\t\t\t\t\t\t\t\t\t\t\t\t\t<\/div>\n\t\t\t\t<\/div>\n\t\t\t\t\t<\/div>\n\t\t<\/div>\n\t\t\t\t<div class=\"elementor-column elementor-col-50 elementor-top-column elementor-element elementor-element-e4e10a5\" data-id=\"e4e10a5\" data-element_type=\"column\" data-e-type=\"column\">\n\t\t\t<div class=\"elementor-widget-wrap elementor-element-populated\">\n\t\t\t\t\t\t<div class=\"elementor-element elementor-element-fbd4dfa elementor-widget elementor-widget-heading\" data-id=\"fbd4dfa\" data-element_type=\"widget\" data-e-type=\"widget\" data-widget_type=\"heading.default\">\n\t\t\t\t<div class=\"elementor-widget-container\">\n\t\t\t\t\t<h2 class=\"elementor-heading-title elementor-size-default\">DESLIGUE<\/h2>\t\t\t\t<\/div>\n\t\t\t\t<\/div>\n\t\t\t\t<div class=\"elementor-element elementor-element-2f9b955 elementor-widget__width-initial elementor-widget elementor-widget-text-editor\" data-id=\"2f9b955\" data-element_type=\"widget\" data-e-type=\"widget\" data-widget_type=\"text-editor.default\">\n\t\t\t\t<div class=\"elementor-widget-container\">\n\t\t\t\t\t\t\t\t\t<p data-start=\"0\" data-end=\"294\"><span style=\"font-size: 24px;\">A pausa que merece<\/span><br \/>Acreditamos no valor de uma verdadeira pausa \u2014 para descansar, descobrir novos lugares e reconectar-se com o que realmente importa.<br \/>Os nossos espa\u00e7os s\u00e3o acolhedores, bem equipados e estrategicamente localizados \u2014 ideais para quem quer explorar e conhecer cada destino ao seu ritmo.<br \/>Com uma abordagem centrada na hospitalidade, colocamos sempre os nossos h\u00f3spedes em primeiro lugar.<\/p>\t\t\t\t\t\t\t\t<\/div>\n\t\t\t\t<\/div>\n\t\t\t\t\t<\/div>\n\t\t<\/div>\n\t\t\t\t\t<\/div>\n\t\t<\/section>\n\t\t\t\t<section class=\"elementor-section elementor-top-section elementor-element elementor-element-639ef38 elementor-reverse-tablet elementor-reverse-mobile elementor-section-boxed elementor-section-height-default elementor-section-height-default\" data-id=\"639ef38\" data-element_type=\"section\" data-e-type=\"section\" data-settings=\"{&quot;jet_parallax_layout_list&quot;:[]}\">\n\t\t\t\t\t\t<div class=\"elementor-container elementor-column-gap-default\">\n\t\t\t\t\t<div class=\"elementor-column elementor-col-50 elementor-top-column elementor-element elementor-element-1f9df92\" data-id=\"1f9df92\" data-element_type=\"column\" data-e-type=\"column\">\n\t\t\t<div class=\"elementor-widget-wrap elementor-element-populated\">\n\t\t\t\t\t\t<div class=\"elementor-element elementor-element-ad4789a elementor-widget elementor-widget-heading\" data-id=\"ad4789a\" data-element_type=\"widget\" data-e-type=\"widget\" data-widget_type=\"heading.default\">\n\t\t\t\t<div class=\"elementor-widget-container\">\n\t\t\t\t\t<h2 class=\"elementor-heading-title elementor-size-default\">DESCONTRAIA<\/h2>\t\t\t\t<\/div>\n\t\t\t\t<\/div>\n\t\t\t\t<div class=\"elementor-element elementor-element-509b85c elementor-widget elementor-widget-text-editor\" data-id=\"509b85c\" data-element_type=\"widget\" data-e-type=\"widget\" data-widget_type=\"text-editor.default\">\n\t\t\t\t<div class=\"elementor-widget-container\">\n\t\t\t\t\t\t\t\t\t<p><span style=\"font-size: 24px;\">Experi\u00eancias com significado<br \/><\/span>Mais do que simples estadias \u2014 desde a reserva ao check-out.<br \/>A nossa experi\u00eancia local e o compromisso com um servi\u00e7o personalizado garantem momentos genu\u00ednos e tranquilos, permitindo-lhe mergulhar na cultura, descobrir os arredores e viver cada lugar de forma aut\u00eantica.<br \/>Fa\u00e7a da sua pr\u00f3xima viagem uma experi\u00eancia One Booking inesquec\u00edvel.<\/p>\t\t\t\t\t\t\t\t<\/div>\n\t\t\t\t<\/div>\n\t\t\t\t\t<\/div>\n\t\t<\/div>\n\t\t\t\t<div class=\"elementor-column elementor-col-50 elementor-top-column elementor-element elementor-element-ed711c7\" data-id=\"ed711c7\" data-element_type=\"column\" data-e-type=\"column\">\n\t\t\t<div class=\"elementor-widget-wrap elementor-element-populated\">\n\t\t\t\t\t\t<div class=\"elementor-element elementor-element-6265fbd elementor-invisible elementor-widget elementor-widget-image\" data-id=\"6265fbd\" data-element_type=\"widget\" data-e-type=\"widget\" data-settings=\"{&quot;_animation&quot;:&quot;fadeInUp&quot;,&quot;_animation_tablet&quot;:&quot;none&quot;}\" data-widget_type=\"image.default\">\n\t\t\t\t<div class=\"elementor-widget-container\">\n\t\t\t\t\t\t\t\t\t\t\t\t\t\t\t<img decoding=\"async\" width=\"768\" height=\"1152\" src=\"https:\/\/onebooking.pt\/wp-content\/smush-webp\/2025\/05\/shutterstock_1995992660-3-768x1152.jpg.webp\" class=\"attachment-medium_large size-medium_large wp-image-198804\" alt=\"Historic,Walled,Town,Of,Obidos,,Near,Lisbon,,Portugal.,Beautiful,Streets\" srcset=\"https:\/\/onebooking.pt\/wp-content\/smush-webp\/2025\/05\/shutterstock_1995992660-3-768x1152.jpg.webp 768w, https:\/\/onebooking.pt\/wp-content\/smush-webp\/2025\/05\/shutterstock_1995992660-3-200x300.jpg.webp 200w, https:\/\/onebooking.pt\/wp-content\/smush-webp\/2025\/05\/shutterstock_1995992660-3-683x1024.jpg.webp 683w, https:\/\/onebooking.pt\/wp-content\/smush-webp\/2025\/05\/shutterstock_1995992660-3-1024x1536.jpg.webp 1024w, https:\/\/onebooking.pt\/wp-content\/smush-webp\/2025\/05\/shutterstock_1995992660-3-1365x2048.jpg.webp 1365w, https:\/\/onebooking.pt\/wp-content\/smush-webp\/2025\/05\/shutterstock_1995992660-3-8x12.jpg.webp 8w, https:\/\/onebooking.pt\/wp-content\/smush-webp\/2025\/05\/shutterstock_1995992660-3-333x500.jpg.webp 333w, https:\/\/onebooking.pt\/wp-content\/smush-webp\/2025\/05\/shutterstock_1995992660-3-scaled.jpg.webp 1067w\" sizes=\"(max-width: 768px) 100vw, 768px\" \/>\t\t\t\t\t\t\t\t\t\t\t\t\t\t\t<\/div>\n\t\t\t\t<\/div>\n\t\t\t\t\t<\/div>\n\t\t<\/div>\n\t\t\t\t\t<\/div>\n\t\t<\/section>\n\t\t\t\t<section class=\"elementor-section elementor-top-section elementor-element elementor-element-a8af946 elementor-section-boxed elementor-section-height-default elementor-section-height-default\" data-id=\"a8af946\" data-element_type=\"section\" data-e-type=\"section\" data-settings=\"{&quot;jet_parallax_layout_list&quot;:[]}\">\n\t\t\t\t\t\t<div class=\"elementor-container elementor-column-gap-default\">\n\t\t\t\t\t<div class=\"elementor-column elementor-col-50 elementor-top-column elementor-element elementor-element-95ee631\" data-id=\"95ee631\" data-element_type=\"column\" data-e-type=\"column\">\n\t\t\t<div class=\"elementor-widget-wrap elementor-element-populated\">\n\t\t\t\t\t\t<div class=\"elementor-element elementor-element-92d6aad elementor-invisible elementor-widget elementor-widget-image\" data-id=\"92d6aad\" data-element_type=\"widget\" data-e-type=\"widget\" data-settings=\"{&quot;_animation&quot;:&quot;fadeInUp&quot;,&quot;_animation_tablet&quot;:&quot;none&quot;}\" data-widget_type=\"image.default\">\n\t\t\t\t<div class=\"elementor-widget-container\">\n\t\t\t\t\t\t\t\t\t\t\t\t\t\t\t<img decoding=\"async\" width=\"768\" height=\"521\" src=\"https:\/\/onebooking.pt\/wp-content\/smush-webp\/2025\/05\/shutterstock_2406480129-1-768x521.jpg.webp\" class=\"attachment-medium_large size-medium_large wp-image-198803\" alt=\"Evora,,Portugal, ,Roman,Temple,Of,Diana,At,Sunset,In\" srcset=\"https:\/\/onebooking.pt\/wp-content\/smush-webp\/2025\/05\/shutterstock_2406480129-1-768x521.jpg.webp 768w, https:\/\/onebooking.pt\/wp-content\/smush-webp\/2025\/05\/shutterstock_2406480129-1-300x203.jpg.webp 300w, https:\/\/onebooking.pt\/wp-content\/smush-webp\/2025\/05\/shutterstock_2406480129-1-1024x694.jpg.webp 1024w, https:\/\/onebooking.pt\/wp-content\/smush-webp\/2025\/05\/shutterstock_2406480129-1-1536x1041.jpg.webp 1536w, https:\/\/onebooking.pt\/wp-content\/smush-webp\/2025\/05\/shutterstock_2406480129-1-2048x1388.jpg.webp 2048w, https:\/\/onebooking.pt\/wp-content\/smush-webp\/2025\/05\/shutterstock_2406480129-1-18x12.jpg.webp 18w, https:\/\/onebooking.pt\/wp-content\/smush-webp\/2025\/05\/shutterstock_2406480129-1-120x80.jpg.webp 120w, https:\/\/onebooking.pt\/wp-content\/smush-webp\/2025\/05\/shutterstock_2406480129-1-738x500.jpg.webp 738w, https:\/\/onebooking.pt\/wp-content\/smush-webp\/2025\/05\/shutterstock_2406480129-1-scaled.jpg.webp 1800w\" sizes=\"(max-width: 768px) 100vw, 768px\" \/>\t\t\t\t\t\t\t\t\t\t\t\t\t\t\t<\/div>\n\t\t\t\t<\/div>\n\t\t\t\t\t<\/div>\n\t\t<\/div>\n\t\t\t\t<div class=\"elementor-column elementor-col-50 elementor-top-column elementor-element elementor-element-7fefc52\" data-id=\"7fefc52\" data-element_type=\"column\" data-e-type=\"column\">\n\t\t\t<div class=\"elementor-widget-wrap elementor-element-populated\">\n\t\t\t\t\t\t<div class=\"elementor-element elementor-element-74062f4 elementor-widget elementor-widget-heading\" data-id=\"74062f4\" data-element_type=\"widget\" data-e-type=\"widget\" data-widget_type=\"heading.default\">\n\t\t\t\t<div class=\"elementor-widget-container\">\n\t\t\t\t\t<h2 class=\"elementor-heading-title elementor-size-default\">DESCUBRA<\/h2>\t\t\t\t<\/div>\n\t\t\t\t<\/div>\n\t\t\t\t<div class=\"elementor-element elementor-element-69df2cc elementor-widget elementor-widget-text-editor\" data-id=\"69df2cc\" data-element_type=\"widget\" data-e-type=\"widget\" data-widget_type=\"text-editor.default\">\n\t\t\t\t<div class=\"elementor-widget-container\">\n\t\t\t\t\t\t\t\t\t<p><span style=\"font-size: 24px;\">Mem\u00f3rias que perduram<br \/><\/span>Na One Booking, cada estadia \u00e9 um convite a viver algo verdadeiramente especial.<br \/>Quer esteja \u00e0 procura de relaxar em fam\u00edlia, partilhar bons momentos com amigos ou trabalhar com conforto, temos o espa\u00e7o ideal para si \u2014 em Albufeira, \u00c9vora e Leiria.<br \/>Deixe-se inspirar por viv\u00eancias aut\u00eanticas e marcantes, enquanto conhece e explora o melhor que cada destino tem para oferecer.<\/p>\t\t\t\t\t\t\t\t<\/div>\n\t\t\t\t<\/div>\n\t\t\t\t\t<\/div>\n\t\t<\/div>\n\t\t\t\t\t<\/div>\n\t\t<\/section>\n\t\t\t\t<\/div>","protected":false},"excerpt":{"rendered":"<p>SOULFUL STAYS UNPLUG The break you deserveWe believe in the value of a true pause \u2014 to rest, discover new places, and reconnect with what truly matters.Our spaces are welcoming, well-equipped, and strategically located \u2014 ideal for exploring each destination at your own pace.With a hospitality-first approach, we always put our guests at the centre [&hellip;]<\/p>\n","protected":false},"author":2,"featured_media":0,"parent":0,"menu_order":0,"comment_status":"closed","ping_status":"closed","template":"","meta":{"_acf_changed":false,"footnotes":""},"class_list":["post-191481","page","type-page","status-publish","hentry"],"acf":[],"_links":{"self":[{"href":"https:\/\/onebooking.pt\/pt\/wp-json\/wp\/v2\/pages\/191481","targetHints":{"allow":["GET"]}}],"collection":[{"href":"https:\/\/onebooking.pt\/pt\/wp-json\/wp\/v2\/pages"}],"about":[{"href":"https:\/\/onebooking.pt\/pt\/wp-json\/wp\/v2\/types\/page"}],"author":[{"embeddable":true,"href":"https:\/\/onebooking.pt\/pt\/wp-json\/wp\/v2\/users\/2"}],"replies":[{"embeddable":true,"href":"https:\/\/onebooking.pt\/pt\/wp-json\/wp\/v2\/comments?post=191481"}],"version-history":[{"count":184,"href":"https:\/\/onebooking.pt\/pt\/wp-json\/wp\/v2\/pages\/191481\/revisions"}],"predecessor-version":[{"id":198879,"href":"https:\/\/onebooking.pt\/pt\/wp-json\/wp\/v2\/pages\/191481\/revisions\/198879"}],"wp:attachment":[{"href":"https:\/\/onebooking.pt\/pt\/wp-json\/wp\/v2\/media?parent=191481"}],"curies":[{"name":"wp","href":"https:\/\/api.w.org\/{rel}","templated":true}]}}