{"id":196974,"date":"2024-11-20T11:06:56","date_gmt":"2024-11-20T11:06:56","guid":{"rendered":"https:\/\/onebooking.pt\/?page_id=196974"},"modified":"2025-05-13T19:29:40","modified_gmt":"2025-05-13T19:29:40","slug":"terms-and-conditions","status":"publish","type":"page","link":"https:\/\/onebooking.pt\/pt\/terms-and-conditions\/","title":{"rendered":"Termos e Condi\u00e7\u00f5es"},"content":{"rendered":"<div data-elementor-type=\"wp-page\" data-elementor-id=\"196974\" class=\"elementor elementor-196974\" data-elementor-post-type=\"page\">\n\t\t\t\t\t\t<section class=\"elementor-section elementor-top-section elementor-element elementor-element-2969ad53 elementor-section-height-min-height elementor-section-full_width elementor-section-height-default elementor-section-items-middle\" data-id=\"2969ad53\" data-element_type=\"section\" data-e-type=\"section\" data-settings=\"{&quot;jet_parallax_layout_list&quot;:[],&quot;background_background&quot;:&quot;classic&quot;}\">\n\t\t\t\t\t\t\t<div class=\"elementor-background-overlay\"><\/div>\n\t\t\t\t\t\t\t<div class=\"elementor-container elementor-column-gap-default\">\n\t\t\t\t\t<div class=\"elementor-column elementor-col-100 elementor-top-column elementor-element elementor-element-78a08c4b\" data-id=\"78a08c4b\" data-element_type=\"column\" data-e-type=\"column\">\n\t\t\t<div class=\"elementor-widget-wrap elementor-element-populated\">\n\t\t\t\t\t\t<div class=\"elementor-element elementor-element-32693e23 elementor-widget elementor-widget-heading\" data-id=\"32693e23\" data-element_type=\"widget\" data-e-type=\"widget\" data-widget_type=\"heading.default\">\n\t\t\t\t<div class=\"elementor-widget-container\">\n\t\t\t\t\t<h2 class=\"elementor-heading-title elementor-size-default\">Termos e Condi\u00e7\u00f5es<\/h2>\t\t\t\t<\/div>\n\t\t\t\t<\/div>\n\t\t\t\t\t<\/div>\n\t\t<\/div>\n\t\t\t\t\t<\/div>\n\t\t<\/section>\n\t\t\t\t<section class=\"elementor-section elementor-top-section elementor-element elementor-element-6fe29c3c elementor-section-boxed elementor-section-height-default elementor-section-height-default\" data-id=\"6fe29c3c\" data-element_type=\"section\" data-e-type=\"section\" data-settings=\"{&quot;jet_parallax_layout_list&quot;:[]}\">\n\t\t\t\t\t\t<div class=\"elementor-container elementor-column-gap-default\">\n\t\t\t\t\t<div class=\"elementor-column elementor-col-100 elementor-top-column elementor-element elementor-element-22152ea6\" data-id=\"22152ea6\" data-element_type=\"column\" data-e-type=\"column\">\n\t\t\t<div class=\"elementor-widget-wrap elementor-element-populated\">\n\t\t\t\t\t\t<div class=\"elementor-element elementor-element-440b6e71 elementor-widget elementor-widget-text-editor\" data-id=\"440b6e71\" data-element_type=\"widget\" data-e-type=\"widget\" data-widget_type=\"text-editor.default\">\n\t\t\t\t<div class=\"elementor-widget-container\">\n\t\t\t\t\t\t\t\t\t<p>Ao utilizar o nosso site (https:\/\/onebooking.pt), voc\u00ea (o h\u00f3spede respons\u00e1vel pela reserva) e o anfitri\u00e3o (One Booking) concordam em cumprir os seguintes Termos e Condi\u00e7\u00f5es:<\/p><p><b>Reservas e Confirma\u00e7\u00f5es<\/b><br \/>1.1. A sua reserva ser\u00e1 confirmada ap\u00f3s o recebimento do nosso e-mail de confirma\u00e7\u00e3o e do pagamento de 50% do valor total. O valor remanescente dever\u00e1 ser liquidado at\u00e9 7 dias antes do check-in.\u2028<br \/>1.2. Para efetuar uma reserva, \u00e9 necess\u00e1rio ter, no m\u00ednimo, 18 anos.<br \/>Cerca de 7 dias antes da sua estadia (ou menos, no caso de reservas de \u00faltima hora), ser\u00e1 enviado um formul\u00e1rio para preenchimento com os dados de identifica\u00e7\u00e3o do respons\u00e1vel pela reserva e dos restantes h\u00f3spedes, bem como outras informa\u00e7\u00f5es obrigat\u00f3rias por lei.\u2028<\/p><p><b>Pagamento<\/b><br \/>2.1. Aceitamos pagamentos via Cart\u00e3o de Cr\u00e9dito, PayPal ou Transfer\u00eancia Banc\u00e1ria.<br \/>2.2. As tarifas est\u00e3o sujeitas a altera\u00e7\u00f5es sem aviso pr\u00e9vio e podem variar dependendo da propriedade, temporada e disponibilidade.<br \/>2.3. Um dep\u00f3sito de seguran\u00e7a \u00e9 exigido antes do check-in e ser\u00e1 reembolsado ap\u00f3s o check-out e a inspe\u00e7\u00e3o.<br \/>2.4. Os h\u00f3spedes podem estar sujeitos a taxas adicionais de turismo local, dependendo da localiza\u00e7\u00e3o da propriedade.<\/p><p><b>Dep\u00f3sito de Seguran\u00e7a<\/b><br \/>3.1. Um dep\u00f3sito cau\u00e7\u00e3o reembols\u00e1vel entre \u20ac 150 e \u20ac 500 ser\u00e1 cobrado antes do check-in, dependendo da propriedade. O valor ser\u00e1 reembolsado ap\u00f3s o check-out, ap\u00f3s a conclus\u00e3o da limpeza e a n\u00e3o identifica\u00e7\u00e3o de danos ou itens faltantes. A limpeza poder\u00e1 ser realizada no dia do check-out ou no dia \u00fatil seguinte.<br \/>3.2. Ao efetuar uma reserva, voc\u00ea concorda em ser respons\u00e1vel por qualquer roubo, dano ou quebra causados por voc\u00ea ou qualquer pessoa do seu grupo. Voc\u00ea concorda em nos indemnizar por quaisquer perdas resultantes.<\/p><p><b>Pol\u00edtica de Cancelamento<\/b><br \/>4.1. Cancelamentos de h\u00f3spedes:<br \/>\u2013 Cancelamento at\u00e9 14 dias antes do check-in: Reembolso integral do dep\u00f3sito inicial.<br \/>\u2013 Cancelamento entre 14 e 7 dias antes do check-in: reembolso de 50% do dep\u00f3sito inicial.<br \/>\u2013 Cancelamento com 7 dias ou menos de anteced\u00eancia do check-in: N\u00e3o h\u00e1 reembolso.<\/p><p>4.2. Cancelamentos de hospedagem:<br \/>Se a reserva for cancelada devido a circunst\u00e2ncias fora do nosso controle (por exemplo, desastres naturais, problemas estruturais), voc\u00ea ser\u00e1 notificado imediatamente e todos os pagamentos ser\u00e3o reembolsados. Nossa responsabilidade se limita ao valor recebido.<\/p><p><b>Hor\u00e1rios de Check-In e Check-Out<\/b><br \/>5.1. O check-in come\u00e7a \u00e0s 16h e o check-out deve ser conclu\u00eddo at\u00e9 as 11h. Hor\u00e1rios alternativos podem ser combinados com anteced\u00eancia e podem incorrer em custos adicionais.<br \/>5.2. O check-in autom\u00e1tico est\u00e1 dispon\u00edvel por meio de um cofre com chave ou teclado digital, dependendo da propriedade.<br \/>5.3. No momento do check-out, as chaves devem ser deixadas na mesa de jantar e\/ou devolvidas ao cofre. Chaves perdidas ou n\u00e3o devolvidas resultar\u00e3o em cobran\u00e7as de substitui\u00e7\u00e3o, que poder\u00e3o ser deduzidas do dep\u00f3sito cau\u00e7\u00e3o ou cobradas separadamente.<\/p><p><b>Horas de Sil\u00eancio<\/b><br \/>6.1. Mantenha um ambiente silencioso entre 22:00 e 08:00, tanto em \u00e1reas internas quanto externas, como varandas, terra\u00e7os e telhados. O uso de colunas em \u00e1reas externas \u00e9 proibido entre 22:00 e 08:00.\u2028<\/p><p><b>Proibi\u00e7\u00e3o de Festas e Convidados Adicionais<\/b><br \/>7.1. Se voc\u00ea est\u00e1 considerando organizar uma celebra\u00e7\u00e3o (por exemplo, anivers\u00e1rio ou evento especial), \u00e9 necess\u00e1rio obter aprova\u00e7\u00e3o pr\u00e9via por escrito do anfitri\u00e3o. Isso inclui convidar pessoas adicionais para passar tempo na propriedade.\u2028<br \/>7.2. O n\u00famero de pessoas na propriedade n\u00e3o pode exceder o n\u00famero indicado no perfil da propriedade em https:\/\/onebooking.pt. Apenas os h\u00f3spedes indicados no formul\u00e1rio de reserva est\u00e3o autorizados a permanecer.<br \/>7.3. Festas e eventos s\u00e3o estritamente proibidos. Viola\u00e7\u00f5es resultar\u00e3o no cancelamento imediato da estadia, sem direito a reembolso, e em poss\u00edveis custos adicionais por danos ou perturba\u00e7\u00f5es.<br \/><span style=\"color: inherit; background-color: inherit; letter-spacing: inherit;\"><br \/><b>Proibi\u00e7\u00e3o de Fumar e Uso de Drogas<br \/><\/b><\/span><span style=\"color: inherit; background-color: inherit; letter-spacing: inherit;\">8.1. \u00c9 estritamente proibido fumar dentro da propriedade. Se fumar ao ar livre (varandas, jardins, terra\u00e7os), por favor, seja cauteloso e respeitoso.<br \/><\/span><span style=\"color: inherit; background-color: inherit; letter-spacing: inherit;\">8.2. O uso de drogas \u00e9 estritamente proibido na propriedade.<\/span><\/p><p><b>Animais de Estima\u00e7\u00e3o<\/b><br \/>9.1. N\u00e3o s\u00e3o permitidos animais de estima\u00e7\u00e3o.<\/p><p><b>Cuidados com M\u00f3veis e Decora\u00e7\u00e3o<\/b><br \/>10.1. Todos os m\u00f3veis, obras de arte e decora\u00e7\u00e3o devem permanecer na propriedade para futuros h\u00f3spedes. Itens faltantes ou danificados ser\u00e3o cobrados do h\u00f3spede.<br \/>10.2. Por favor, trate a propriedade com cuidado e respeito, como se fosse sua pr\u00f3pria casa.<br \/>10.3. Roupa de cama, toalhas e utens\u00edlios de cozinha s\u00e3o fornecidos e devem permanecer na propriedade. Itens faltantes ser\u00e3o cobrados do h\u00f3spede.<\/p><p><b>Respeito e Toler\u00e2ncia<\/b><br \/>11.1. Recebemos viajantes de todo o mundo que procuram uma experi\u00eancia aut\u00eantica, \u00fanica e confort\u00e1vel. Os nossos espa\u00e7os s\u00e3o familiares, tolerantes e acolhedores. N\u00e3o toleramos comportamentos rudes, agressivos, intolerantes ou desrespeitosos para com a nossa equipa.\u2028<br \/>11.2. Qualquer abuso verbal ou f\u00edsico ser\u00e1 denunciado \u00e0s autoridades locais, e medidas ser\u00e3o tomadas para proteger nossa equipe. A reserva poder\u00e1 ser cancelada imediatamente, se necess\u00e1rio.<\/p><p><b>Propriedade Intelectual<\/b><br \/>12.1. O conte\u00fado deste site, incluindo textos, gr\u00e1ficos, imagens, logotipos e softwares, \u00e9 de propriedade da nossa empresa ou de nossos parceiros licenciados e \u00e9 protegido por direitos de autor, marcas registadas e outras leis de propriedade intelectual.\u2028<br \/>12.2. \u00c9 estritamente proibido copiar, reproduzir, modificar, distribuir ou utilizar qualquer conte\u00fado deste site sem autoriza\u00e7\u00e3o por escrito.<\/p><p><b>Limita\u00e7\u00e3o de Garantias<\/b><br \/>13.1. O site https:\/\/onebooking.pt \u00e9 fornecido &quot;no estado em que se encontra&quot; e &quot;conforme dispon\u00edvel&quot;, sem quaisquer garantias expressas ou impl\u00edcitas. N\u00e3o garantimos que o site esteja livre de erros, seja ininterrupto ou seguro.<\/p><p><b>Responsabilidade<\/b><br \/>14.1. Na m\u00e1xima extens\u00e3o permitida por lei, o anfitri\u00e3o n\u00e3o ser\u00e1 respons\u00e1vel por quaisquer danos indiretos, incidentais, especiais ou consequenciais decorrentes do uso do site.\u2028<br \/>14.2. Este contrato \u00e9 vinculativo para voc\u00ea (o h\u00f3spede) e todos os membros do grupo inclu\u00eddos na reserva. Voc\u00ea \u00e9 respons\u00e1vel por garantir que todos os membros estejam cientes e aceitem estes termos. O n\u00e3o fornecimento das informa\u00e7\u00f5es necess\u00e1rias ou o n\u00e3o cumprimento destes termos poder\u00e1 resultar na rescis\u00e3o do contrato e na perda da reserva.<br \/>14.3. Para acessar a propriedade, deve ser fornecida identifica\u00e7\u00e3o para todos os h\u00f3spedes, incluindo idades e contatos.\u2028<br \/>14.4. O h\u00f3spede n\u00e3o pode subarrendar a propriedade.<br \/>14.5. O h\u00f3spede \u00e9 respons\u00e1vel por supervisionar todos os menores em seu grupo o tempo integral da estadia.\u2028<\/p><p>Se voc\u00ea tiver alguma d\u00favida sobre estes Termos e Condi\u00e7\u00f5es, fique \u00e0 vontade para entrar em contato conosco pelo e-mail: pedro@onebooking.pt.\u2028<br \/>Estamos felizes em ajudar e garantir que sua experi\u00eancia em nossa propriedade seja a mais agrad\u00e1vel poss\u00edvel.\u2028<\/p><p>Obrigado pela sua prefer\u00eancia, e esperamos receb\u00ea-lo em breve!<\/p>\t\t\t\t\t\t\t\t<\/div>\n\t\t\t\t<\/div>\n\t\t\t\t\t<\/div>\n\t\t<\/div>\n\t\t\t\t\t<\/div>\n\t\t<\/section>\n\t\t\t\t<\/div>","protected":false},"excerpt":{"rendered":"<p>By using our website (https:\/\/onebooking.pt), you (the guest responsible for the reservation) and the host (One Booking) agree to comply with the following Terms &amp; Conditions: Bookings and Confirmations1.1. Your reservation will be confirmed after receipt of our confirmation email and a 50% deposit of the total amount. The remaining 50% must be paid no [&hellip;]<\/p>\n","protected":false},"author":2,"featured_media":0,"parent":0,"menu_order":0,"comment_status":"closed","ping_status":"closed","template":"","meta":{"_acf_changed":false,"footnotes":""},"class_list":["post-196974","page","type-page","status-publish","hentry"],"acf":[],"_links":{"self":[{"href":"https:\/\/onebooking.pt\/pt\/wp-json\/wp\/v2\/pages\/196974","targetHints":{"allow":["GET"]}}],"collection":[{"href":"https:\/\/onebooking.pt\/pt\/wp-json\/wp\/v2\/pages"}],"about":[{"href":"https:\/\/onebooking.pt\/pt\/wp-json\/wp\/v2\/types\/page"}],"author":[{"embeddable":true,"href":"https:\/\/onebooking.pt\/pt\/wp-json\/wp\/v2\/users\/2"}],"replies":[{"embeddable":true,"href":"https:\/\/onebooking.pt\/pt\/wp-json\/wp\/v2\/comments?post=196974"}],"version-history":[{"count":19,"href":"https:\/\/onebooking.pt\/pt\/wp-json\/wp\/v2\/pages\/196974\/revisions"}],"predecessor-version":[{"id":198756,"href":"https:\/\/onebooking.pt\/pt\/wp-json\/wp\/v2\/pages\/196974\/revisions\/198756"}],"wp:attachment":[{"href":"https:\/\/onebooking.pt\/pt\/wp-json\/wp\/v2\/media?parent=196974"}],"curies":[{"name":"wp","href":"https:\/\/api.w.org\/{rel}","templated":true}]}}