{"id":3,"date":"2023-05-18T06:13:47","date_gmt":"2023-05-18T06:13:47","guid":{"rendered":"https:\/\/onebooking.pt\/?page_id=3"},"modified":"2025-04-02T09:17:53","modified_gmt":"2025-04-02T09:17:53","slug":"privacy-policy","status":"publish","type":"page","link":"https:\/\/onebooking.pt\/pt\/privacy-policy\/","title":{"rendered":"Pol\u00edtica De Privacidade"},"content":{"rendered":"<div data-elementor-type=\"wp-page\" data-elementor-id=\"3\" class=\"elementor elementor-3\" data-elementor-post-type=\"page\">\n\t\t\t\t\t\t<section class=\"elementor-section elementor-top-section elementor-element elementor-element-112c9129 elementor-section-height-min-height elementor-section-full_width elementor-section-height-default elementor-section-items-middle\" data-id=\"112c9129\" data-element_type=\"section\" data-e-type=\"section\" data-settings=\"{&quot;jet_parallax_layout_list&quot;:[],&quot;background_background&quot;:&quot;classic&quot;}\">\n\t\t\t\t\t\t\t<div class=\"elementor-background-overlay\"><\/div>\n\t\t\t\t\t\t\t<div class=\"elementor-container elementor-column-gap-default\">\n\t\t\t\t\t<div class=\"elementor-column elementor-col-100 elementor-top-column elementor-element elementor-element-6e773af4\" data-id=\"6e773af4\" data-element_type=\"column\" data-e-type=\"column\">\n\t\t\t<div class=\"elementor-widget-wrap elementor-element-populated\">\n\t\t\t\t\t\t<div class=\"elementor-element elementor-element-2f9b7e1c elementor-widget elementor-widget-heading\" data-id=\"2f9b7e1c\" data-element_type=\"widget\" data-e-type=\"widget\" data-widget_type=\"heading.default\">\n\t\t\t\t<div class=\"elementor-widget-container\">\n\t\t\t\t\t<h2 class=\"elementor-heading-title elementor-size-default\">Pol\u00edtica De Privacidade<\/h2>\t\t\t\t<\/div>\n\t\t\t\t<\/div>\n\t\t\t\t\t<\/div>\n\t\t<\/div>\n\t\t\t\t\t<\/div>\n\t\t<\/section>\n\t\t\t\t<section class=\"elementor-section elementor-top-section elementor-element elementor-element-2f742c66 elementor-section-boxed elementor-section-height-default elementor-section-height-default\" data-id=\"2f742c66\" data-element_type=\"section\" data-e-type=\"section\" data-settings=\"{&quot;jet_parallax_layout_list&quot;:[]}\">\n\t\t\t\t\t\t<div class=\"elementor-container elementor-column-gap-default\">\n\t\t\t\t\t<div class=\"elementor-column elementor-col-100 elementor-top-column elementor-element elementor-element-6a33e0a0\" data-id=\"6a33e0a0\" data-element_type=\"column\" data-e-type=\"column\">\n\t\t\t<div class=\"elementor-widget-wrap elementor-element-populated\">\n\t\t\t\t\t\t<div class=\"elementor-element elementor-element-1e5f08fd elementor-widget elementor-widget-text-editor\" data-id=\"1e5f08fd\" data-element_type=\"widget\" data-e-type=\"widget\" data-widget_type=\"text-editor.default\">\n\t\t\t\t<div class=\"elementor-widget-container\">\n\t\t\t\t\t\t\t\t\t<p><b>1. Quem Somos<\/b><br \/>A One Booking, com o endere\u00e7o de site: https:\/\/onebooking.pt, gerida pela One to Four, Lda, respeita a privacidade dos seus utilizadores e est\u00e1 comprometida em proteger as informa\u00e7\u00f5es pessoais que voc\u00ea fornece. Ao utilizar nossos servi\u00e7os, o h\u00f3spede concorda com os termos desta Pol\u00edtica de Privacidade.<br \/><br \/><b>2. Informa\u00e7\u00f5es que Coletamos<\/b><br \/>Quando voc\u00ea usa o nosso site, podemos coletar informa\u00e7\u00f5es pessoais, como nome, e-mail e dados de pagamento para processar as reservas. Tamb\u00e9m podemos coletar dados de navega\u00e7\u00e3o, como endere\u00e7o IP, tipo de navegador e p\u00e1ginas visitadas, para melhorar a experi\u00eancia do utilizador.<br \/><br \/><b>3. Como Usamos Suas Informa\u00e7\u00f5es<\/b><br \/>As informa\u00e7\u00f5es coletadas s\u00e3o usadas para processar as reservas, fornecer suporte, personalizar sua experi\u00eancia e comunicar com voc\u00ea sobre atualiza\u00e7\u00f5es e ofertas. N\u00e3o compartilhamos seus dados com terceiros, exceto quando exigido por lei.<br \/><br \/><b>4. Compartilhamento de Informa\u00e7\u00f5es<\/b><br \/>N\u00e3o compartilhamos suas informa\u00e7\u00f5es pessoais com terceiros, exceto quando necess\u00e1rio para:\n\u2013 Processar pagamentos atrav\u00e9s de plataformas de pagamento seguras\n\u2013 Cumprir obriga\u00e7\u00f5es legais ou responder a solicita\u00e7\u00f5es governamentais<br \/><br \/><b>5. Cookies<\/b><br \/>Usamos cookies para armazenar prefer\u00eancias do usu\u00e1rio e melhorar a funcionalidade do site. Cookies de terceiros podem ser utilizados para an\u00e1lise de dados.<br \/><br \/><b>6. Seguran\u00e7a das Informa\u00e7\u00f5es<\/b><br \/>Tomamos medidas para proteger suas informa\u00e7\u00f5es pessoais contra acessos n\u00e3o autorizados.<br \/><br \/><b>7. Seus Direitos<\/b><br \/>Voc\u00ea tem o direito de acessar, corrigir ou excluir suas informa\u00e7\u00f5es pessoais a qualquer momento. Para exercer esses direitos ou para qualquer d\u00favida relacionada \u00e0 privacidade, entre em contato conosco pelo e-mail: pedro@onebooking.pt<br \/><br \/><b>8. Altera\u00e7\u00f5es a Esta Pol\u00edtica<\/b><br \/>Reservamo-nos o direito de atualizar esta Pol\u00edtica de Privacidade periodicamente. Quaisquer altera\u00e7\u00f5es ser\u00e3o publicadas no nosso site.<\/p>\t\t\t\t\t\t\t\t<\/div>\n\t\t\t\t<\/div>\n\t\t\t\t\t<\/div>\n\t\t<\/div>\n\t\t\t\t\t<\/div>\n\t\t<\/section>\n\t\t\t\t<\/div>","protected":false},"excerpt":{"rendered":"<p>1. Who We AreOne Booking, with the website address: https:\/\/onebooking.pt, managed by One to Four, Lda, respects the privacy of its users and is committed to protecting the personal information you provide. By using our services, the guest agrees to the terms of this Privacy Policy. 2. InformationWe Collect When you use our website, we [&hellip;]<\/p>\n","protected":false},"author":2,"featured_media":0,"parent":0,"menu_order":0,"comment_status":"closed","ping_status":"open","template":"","meta":{"_acf_changed":false,"footnotes":""},"class_list":["post-3","page","type-page","status-publish","hentry"],"acf":[],"_links":{"self":[{"href":"https:\/\/onebooking.pt\/pt\/wp-json\/wp\/v2\/pages\/3","targetHints":{"allow":["GET"]}}],"collection":[{"href":"https:\/\/onebooking.pt\/pt\/wp-json\/wp\/v2\/pages"}],"about":[{"href":"https:\/\/onebooking.pt\/pt\/wp-json\/wp\/v2\/types\/page"}],"author":[{"embeddable":true,"href":"https:\/\/onebooking.pt\/pt\/wp-json\/wp\/v2\/users\/2"}],"replies":[{"embeddable":true,"href":"https:\/\/onebooking.pt\/pt\/wp-json\/wp\/v2\/comments?post=3"}],"version-history":[{"count":12,"href":"https:\/\/onebooking.pt\/pt\/wp-json\/wp\/v2\/pages\/3\/revisions"}],"predecessor-version":[{"id":198332,"href":"https:\/\/onebooking.pt\/pt\/wp-json\/wp\/v2\/pages\/3\/revisions\/198332"}],"wp:attachment":[{"href":"https:\/\/onebooking.pt\/pt\/wp-json\/wp\/v2\/media?parent=3"}],"curies":[{"name":"wp","href":"https:\/\/api.w.org\/{rel}","templated":true}]}}